{"id":27,"date":"2019-08-05T12:19:47","date_gmt":"2019-08-05T10:19:47","guid":{"rendered":"https:\/\/oegsv.com\/wp\/?page_id=27"},"modified":"2019-09-03T13:24:15","modified_gmt":"2019-09-03T11:24:15","slug":"industriepartner","status":"publish","type":"page","link":"https:\/\/oegsv.com\/wp\/ueber-die-oegsv\/industriepartner\/","title":{"rendered":"Industriepartner"},"content":{"rendered":"<!-- Widget Shortcode --><div id=\"arpw-widget-2\" class=\"widget arpw-widget-random widget-shortcode area-sidebar_primary \"><div class=\"arpw-random-post \"><ul class=\"arpw-ul\"><li class=\"arpw-li arpw-clearfix\"><a href=\"https:\/\/oegsv.com\/wp\/heltschl-gmbh\/\"  rel=\"bookmark\"><img loading=\"lazy\" decoding=\"async\" width=\"186\" height=\"82\" src=\"https:\/\/oegsv.com\/wp\/wp-content\/uploads\/2019\/08\/Heltschl-neu-1-klein.jpg\" class=\"arpw-thumbnail alignleft wp-post-image\" alt=\"Heltschl GmbH\" \/><\/a><a class=\"arpw-title\" href=\"https:\/\/oegsv.com\/wp\/heltschl-gmbh\/\" rel=\"bookmark\">Heltschl GmbH<\/a><div class=\"arpw-content\">Niederndorf 30<br>\r\nA-4713 Schl\u00fcsslberg  <br>\r\nTel.: ++43-7248\/65 7 96 <br>\r\n&#111;&#x66;&#102;&#x69;c&#x65;&#64;&#104;&#x65;&#108;&#x74;s&#x63;h&#108;&#x2e;&#97;&#x74;<br>\r\n<a href=\"https:\/\/www.heltschl.com\/\" target=\"_blank\" rel=\"noopener noreferrer\">www.heltschl.com<\/a><\/div><\/li><li class=\"arpw-li arpw-clearfix\"><a href=\"https:\/\/oegsv.com\/wp\/nexus-digitale-dokumentationssysteme-und-projektentwicklungsges-mbh\/\"  rel=\"bookmark\"><img loading=\"lazy\" decoding=\"async\" width=\"542\" height=\"47\" src=\"https:\/\/oegsv.com\/wp\/wp-content\/uploads\/2019\/08\/NEX_Logo_oClaim_oesterreich-small.gif\" class=\"arpw-thumbnail alignleft wp-post-image\" alt=\"NEXUS Digitale Dokumentationssysteme und Projektentwicklungsges. mbH\" \/><\/a><a class=\"arpw-title\" href=\"https:\/\/oegsv.com\/wp\/nexus-digitale-dokumentationssysteme-und-projektentwicklungsges-mbh\/\" rel=\"bookmark\">NEXUS Digitale Dokumentationssysteme und Projektentwicklungsges. mbH<\/a><div class=\"arpw-content\">G\u00fcpferlingstr. 29<br>\r\nA-1170 Wien<br>\r\nTel: +49 77218482-500<br>\r\n&#x61;&#110;d&#x72;&#101;&#97;&#x73;&#x2e;&#112;r&#x69;&#98;i&#x6c;&#x40;&#110;e&#x78;&#117;s&#x2d;&#x61;&#103;&#46;&#x64;&#101;<br>\r\n<a href=\"http:\/\/www.nexus-ag.at\/\" target=\"_blank\" rel=\"noopener noreferrer\">www.nexus-ag.at<\/a><\/div><\/li><li class=\"arpw-li arpw-clearfix\"><a href=\"https:\/\/oegsv.com\/wp\/mmm-muenchener-medizin-mechanik\/\"  rel=\"bookmark\"><img loading=\"lazy\" decoding=\"async\" width=\"244\" height=\"120\" src=\"https:\/\/oegsv.com\/wp\/wp-content\/uploads\/2019\/08\/MMM-A.gif\" class=\"arpw-thumbnail alignleft wp-post-image\" alt=\"MMM &#8211; M\u00fcnchener Medizin Mechanik\" \/><\/a><a class=\"arpw-title\" href=\"https:\/\/oegsv.com\/wp\/mmm-muenchener-medizin-mechanik\/\" rel=\"bookmark\">MMM &#8211; M\u00fcnchener Medizin Mechanik<\/a><div class=\"arpw-content\">Krankenhauseinrichtung GmbH<br>\r\nPharmastra\u00dfe 1<br>\r\nA-2630 Ternitz<br>\r\nmmm_a&#64;mmmgroup&#46;at<br>\r\n<a href=\"https:\/\/www.mmmgroup.com\/de\" target=\"_blank\" rel=\"noopener noreferrer\">www.mmmgroup.com<\/a><\/div><\/li><li class=\"arpw-li arpw-clearfix\"><a href=\"https:\/\/oegsv.com\/wp\/b-braun-austria-gmbh\/\"  rel=\"bookmark\"><img loading=\"lazy\" decoding=\"async\" width=\"280\" height=\"67\" src=\"https:\/\/oegsv.com\/wp\/wp-content\/uploads\/2019\/08\/logo.png\" class=\"arpw-thumbnail alignleft wp-post-image\" alt=\"B. Braun Austria GmbH\" \/><\/a><a class=\"arpw-title\" href=\"https:\/\/oegsv.com\/wp\/b-braun-austria-gmbh\/\" rel=\"bookmark\">B. Braun Austria GmbH<\/a><div class=\"arpw-content\">Otto-Braun-Stra\u00dfe 3<br>\r\n2344 Maria Enzersdorf\/Gebirge<br>\r\nTel: +43 2236 46541<br>\r\n<a href=\"https:\/\/www.bbraun.at\/de.html\" target=\"_blank\" rel=\"noopener noreferrer\">www.bbraun.at<\/a><\/div><\/li><li class=\"arpw-li arpw-clearfix\"><a href=\"https:\/\/oegsv.com\/wp\/dr-weigert-gmbh\/\"  rel=\"bookmark\"><img loading=\"lazy\" decoding=\"async\" width=\"420\" height=\"80\" src=\"https:\/&#47;&#111;&#x65;&#x67;sv&#46;&#99;&#x6f;&#x6d;\/w&#112;&#47;&#x77;&#x70;-c&#111;&#x6e;&#x74;&#x65;n&#116;&#47;&#x75;&#x70;&#x6c;o&#97;&#100;&#x73;&#x2f;&#x32;0&#49;&#57;&#x2f;&#x30;&#x38;\/&#100;&#114;&#x77;&#x65;&#x69;g&#101;&#114;&#x74;&#x2d;lo&#103;&#111;&#x40;&#x32;x&#46;&#112;&#110;&#x67;\" class=\"arpw-thumbnail alignleft wp-post-image\" alt=\"Dr. Weigert GmbH\" srcset=\"https:\/\/&#111;&#101;&#103;&#x73;&#x76;&#x2e;&#x63;&#x6f;m\/&#119;&#112;&#47;&#x77;&#x70;&#x2d;&#x63;&#x6f;nt&#101;&#110;&#116;&#x2f;&#x75;&#x70;&#x6c;&#x6f;ad&#115;&#47;&#50;&#x30;&#x31;&#x39;&#x2f;&#x30;8\/&#100;&#114;&#119;&#x65;&#x69;&#x67;&#x65;&#x72;t-&#108;&#111;&#103;&#x6f;&#x40;&#x32;&#x78;&#x2e;pn&#103; 420w, https:&#x2f;&#x2f;&#111;&#101;&#103;s&#x76;&#x2e;&#x63;&#111;&#109;\/w&#x70;&#x2f;&#x77;&#112;&#45;c&#x6f;&#x6e;&#x74;&#101;&#110;&#116;\/&#x75;&#x70;&#x6c;&#111;&#97;ds&#x2f;&#x32;&#x30;&#49;&#57;\/&#x30;&#x38;&#x2f;&#100;&#114;&#119;e&#x69;&#x67;&#x65;&#114;&#116;-l&#x6f;&#x67;&#x6f;&#64;&#50;x&#x2d;&#x33;&#x30;&#48;&#120;&#53;7&#x2e;&#x70;&#x6e;&#103; 300w\" sizes=\"auto, (max-width: 420px) 100vw, 420px\" \/><\/a><a class=\"arpw-title\" href=\"https:\/\/oegsv.com\/wp\/dr-weigert-gmbh\/\" rel=\"bookmark\">Dr. Weigert GmbH<\/a><div class=\"arpw-content\">Chemische Fabrik<br>\r\nAltmannsdorferstra\u00dfe 89<br>\r\nA-1120 Wien<br>\r\nTel.: +43-1-8 03 10 00<br>\r\ni&#110;&#x66;&#x6f;&#x40;d&#114;&#119;&#x65;&#x69;g&#101;&#114;&#x74;&#x2e;at<br>\r\n<a href=\"https:\/\/www.drweigert.com\/de\/at\" target=\"_blank\" rel=\"noopener noreferrer\">www.drweigert.com<\/a><\/div><\/li><li class=\"arpw-li arpw-clearfix\"><a href=\"https:\/\/oegsv.com\/wp\/belimed-infection-control\/\"  rel=\"bookmark\"><img loading=\"lazy\" decoding=\"async\" width=\"440\" height=\"142\" src=\"https:\/\/oegsv.com\/wp\/wp-content\/uploads\/2019\/08\/belimed-logo-440x142.png\" class=\"arpw-thumbnail alignleft wp-post-image\" alt=\"Belimed infection control\" srcset=\"https:\/\/oegsv.com\/wp\/wp-content\/uploads\/2019\/08\/belimed-logo-440x142.png 440w, https:\/\/oegsv.com\/wp\/wp-content\/uploads\/2019\/08\/belimed-logo-440x142-300x97.png 300w\" sizes=\"auto, (max-width: 440px) 100vw, 440px\" \/><\/a><a class=\"arpw-title\" href=\"https:\/\/oegsv.com\/wp\/belimed-infection-control\/\" rel=\"bookmark\">Belimed infection control<\/a><div class=\"arpw-content\"><p>Triesterstra\u00dfe 238<br \/>\r\nA-8073 Feldkirchen<br \/>\r\nTel.: +43 (0)316 291129-11<br \/>\r\n&#115;&#x65;&#x72;&#118;&#x69;&#x63;&#101;&#x40;&#x62;&#101;&#x6c;&#x69;&#109;&#x65;&#x64;&#46;&#x63;&#x6f;&#109;<br \/>\r\n<a href=\"http:\/\/www.belimed.com\/de\/\" target=\"_blank\" rel=\"noopener noreferrer\">www.belimed.com<\/a><\/p><\/div><\/li><li class=\"arpw-li arpw-clearfix\"><a href=\"https:\/\/oegsv.com\/wp\/santesis\/\"  rel=\"bookmark\"><img loading=\"lazy\" decoding=\"async\" width=\"295\" height=\"109\" src=\"https:\/\/oegsv.com\/wp\/wp-content\/uploads\/2019\/08\/Logo_Santesis.png\" class=\"arpw-thumbnail alignleft wp-post-image\" alt=\"SANTESIS\" \/><\/a><a class=\"arpw-title\" href=\"https:\/\/oegsv.com\/wp\/santesis\/\" rel=\"bookmark\">SANTESIS<\/a><div class=\"arpw-content\">Technisches Geb\u00e4udemanagement<br>\r\n& Service GmbH<br>\r\nA-1060 Wien<br>\r\nGumpendorfer Stra\u00dfe 108<br>\r\nTel: +43 732 7677- 7101<br>\r\n&#x6f;&#102;f&#x69;&#x63;&#101;&#64;&#x73;&#x61;&#110;t&#x65;&#115;i&#x73;&#x2e;&#97;t<br>\r\n<a target=\"_blank\" href=\"https:\/\/www.santesis.at\/\" rel=\"noopener noreferrer\">www.santesis.at<\/a><\/div><\/li><li class=\"arpw-li arpw-clearfix\"><a href=\"https:\/\/oegsv.com\/wp\/rudolf-heintel-gmbh\/\"  rel=\"bookmark\"><img loading=\"lazy\" decoding=\"async\" width=\"600\" height=\"117\" src=\"https:\/\/oegsv.com\/wp\/wp-content\/uploads\/Heintel.jpg\" class=\"arpw-thumbnail alignleft wp-post-image\" alt=\"Rudolf Heintel GmbH\" srcset=\"https:\/\/oegsv.com\/wp\/wp-content\/uploads\/Heintel.jpg 600w, https:\/\/oegsv.com\/wp\/wp-content\/uploads\/Heintel-300x59.jpg 300w\" sizes=\"auto, (max-width: 600px) 100vw, 600px\" \/><\/a><a class=\"arpw-title\" href=\"https:\/\/oegsv.com\/wp\/rudolf-heintel-gmbh\/\" rel=\"bookmark\">Rudolf Heintel GmbH<\/a><div class=\"arpw-content\">Erdbergstra\u00dfe 166<br>\r\nA-1030 Wien<br>\r\nTelefon: +43-1-403 89 56-0<br>\r\n<a href=\"ma&#105;&#108;&#x74;&#x6f;&#x3a;&#x6d;ed&#105;&#122;&#x69;&#x6e;&#x74;&#x65;ch&#110;&#105;&#107;&#x40;&#x68;&#x65;&#x69;nt&#101;&#108;&#x2e;&#x61;&#x74;\">&#x6d;&#101;&#100;&#x69;&#x7a;&#105;&#110;&#x74;&#x65;&#99;&#104;&#x6e;&#x69;&#107;&#64;&#x68;&#x65;&#105;&#110;&#x74;&#x65;&#108;&#46;&#x61;&#x74;<\/a><br>\r\n<a href=\"https:\/\/www.heintel.at\/\" target=\"_blank\" rel=\"noopener noreferrer\">www.heintel.at<\/a><\/div><\/li><li class=\"arpw-li arpw-clearfix\"><a href=\"https:\/\/oegsv.com\/wp\/schuelke-mayr\/\"  rel=\"bookmark\"><img loading=\"lazy\" decoding=\"async\" width=\"579\" height=\"92\" src=\"https:\/\/oegsv.com\/wp\/wp-content\/uploads\/2019\/08\/schuelke_logo_small.jpg\" class=\"arpw-thumbnail alignleft wp-post-image\" alt=\"Sch\u00fclke &#038; Mayr Ges.m.b.H.\" srcset=\"https:\/\/oegsv.com\/wp\/wp-content\/uploads\/2019\/08\/schuelke_logo_small.jpg 579w, https:\/\/oegsv.com\/wp\/wp-content\/uploads\/2019\/08\/schuelke_logo_small-300x48.jpg 300w\" sizes=\"auto, (max-width: 579px) 100vw, 579px\" \/><\/a><a class=\"arpw-title\" href=\"https:\/\/oegsv.com\/wp\/schuelke-mayr\/\" rel=\"bookmark\">Sch\u00fclke &#038; Mayr Ges.m.b.H.<\/a><div class=\"arpw-content\">Seidengasse 9<br>\r\n1070 Wien<br>\r\nTel: +43-1-523-25 01<br>\r\noffice&#46;austr&#105;&#97;&#64;&#115;&#99;&#104;&#117;&#101;&#108;&#107;&#101;&#46;&#99;&#111;&#109;<br>\r\n<a href=\"https:\/\/www.schuelke.com\/de-de\/index.php\" target=\"_blank\" rel=\"noopener noreferrer\">www.schuelke.com<\/a><\/div><\/li><li class=\"arpw-li arpw-clearfix\"><a href=\"https:\/\/oegsv.com\/wp\/3m-oesterreich-gmbh\/\"  rel=\"bookmark\"><img loading=\"lazy\" decoding=\"async\" width=\"696\" height=\"366\" src=\"https:\/\/oegsv.com\/wp\/wp-content\/uploads\/2019\/08\/3M-768x404.png\" class=\"arpw-thumbnail alignleft wp-post-image\" alt=\"3M \u00d6sterreich GmbH\" srcset=\"https:\/\/oegsv.com\/wp\/wp-content\/uploads\/2019\/08\/3M-768x404.png 768w, https:\/\/oegsv.com\/wp\/wp-content\/uploads\/2019\/08\/3M-300x158.png 300w, https:\/\/oegsv.com\/wp\/wp-content\/uploads\/2019\/08\/3M-1024x539.png 1024w, https:\/\/oegsv.com\/wp\/wp-content\/uploads\/2019\/08\/3M.png 2000w\" sizes=\"auto, (max-width: 696px) 100vw, 696px\" \/><\/a><a class=\"arpw-title\" href=\"https:\/\/oegsv.com\/wp\/3m-oesterreich-gmbh\/\" rel=\"bookmark\">3M \u00d6sterreich GmbH<\/a><div class=\"arpw-content\">Brunner Feldstra\u00dfe 63<br>\r\nA-2380 Perchtoldsdorf<br>\r\n&#x69;&#110;n&#x6f;&#118;a&#x74;&#105;o&#x6e;&#46;a&#x74;&#64;m&#x6d;&#109;&#46;&#x63;&#111;m<br>\r\n<a href=\"http:\/\/www.3m.com\/at\" target=\"_blank\" rel=\"noopener noreferrer\">www.3m.com\/at<\/a><\/div><\/li><li class=\"arpw-li arpw-clearfix\"><a href=\"https:\/\/oegsv.com\/wp\/olympus-austria-gmbh\/\"  rel=\"bookmark\"><img loading=\"lazy\" decoding=\"async\" width=\"644\" height=\"214\" src=\"https:\/\/oegsv.com\/wp\/wp-content\/uploads\/2019\/08\/olympus.jpg\" class=\"arpw-thumbnail alignleft wp-post-image\" alt=\"Olympus Austria GmbH\" srcset=\"https:\/\/oegsv.com\/wp\/wp-content\/uploads\/2019\/08\/olympus.jpg 644w, https:\/\/oegsv.com\/wp\/wp-content\/uploads\/2019\/08\/olympus-300x100.jpg 300w\" sizes=\"auto, (max-width: 644px) 100vw, 644px\" \/><\/a><a class=\"arpw-title\" href=\"https:\/\/oegsv.com\/wp\/olympus-austria-gmbh\/\" rel=\"bookmark\">Olympus Austria GmbH<\/a><div class=\"arpw-content\">Shuttleworthstrasse 25<br>\r\n1210 Wien <br>\r\nTel. +43-1-29101-0<br>\r\nendo&#115;&#107;&#111;&#112;&#105;&#x65;&#x40;&#x6f;&#x6c;&#x79;&#x6d;&#x70;us&#46;a&#116;<br>\r\n<a href=\"https:\/\/www.olympus.at\/\" target=\"_blank\" rel=\"noopener noreferrer\">www.olympus.at<\/a>\r\n<\/div><\/li><li class=\"arpw-li arpw-clearfix\"><a href=\"https:\/\/oegsv.com\/wp\/medworx-gmbh\/\"  rel=\"bookmark\"><img loading=\"lazy\" decoding=\"async\" width=\"562\" height=\"150\" src=\"https:\/\/oegsv.com\/wp\/wp-content\/uploads\/medworx.png\" class=\"arpw-thumbnail alignleft wp-post-image\" alt=\"Medworx GmbH\" srcset=\"https:\/\/oegsv.com\/wp\/wp-content\/uploads\/medworx.png 562w, https:\/\/oegsv.com\/wp\/wp-content\/uploads\/medworx-300x80.png 300w\" sizes=\"auto, (max-width: 562px) 100vw, 562px\" \/><\/a><a class=\"arpw-title\" href=\"https:\/\/oegsv.com\/wp\/medworx-gmbh\/\" rel=\"bookmark\">Medworx GmbH<\/a><div class=\"arpw-content\">Hauptstr. 62 <br>\r\nD-16348 Wandlitz<br>\r\nTelefon: +49 33056 261-0<br>\r\nTelefax: +49 33056 261-20<br>\r\n<a href=\"&#x6d;a&#x69;l&#x74;&#111;&#x3a;&#111;f&#x66;i&#x63;&#101;&#x40;&#109;&#x65;&#100;w&#x6f;r&#x78;&#46;&#x74;&#101;&#x61;&#x6d;\">office&#64;&#109;&#101;&#100;&#119;&#111;&#114;&#x78;&#x2e;&#x74;&#x65;&#x61;&#x6d;<\/a><br>\r\n<a href=\"https:\/\/medworx.team\/\" target=\"_blank\" rel=\"noopener noreferrer\">www.medworx.team<\/a><\/div><\/li><li class=\"arpw-li arpw-clearfix\"><a href=\"https:\/\/oegsv.com\/wp\/simicon-gmbh\/\"  rel=\"bookmark\"><img loading=\"lazy\" decoding=\"async\" width=\"340\" height=\"142\" src=\"https:\/\/oegsv.com\/wp\/wp-content\/uploads\/2019\/08\/logo-simicon.png\" class=\"arpw-thumbnail alignleft wp-post-image\" alt=\"SIMICON GMBH\" srcset=\"https:\/\/oegsv.com\/wp\/wp-content\/uploads\/2019\/08\/logo-simicon.png 340w, https:\/\/oegsv.com\/wp\/wp-content\/uploads\/2019\/08\/logo-simicon-300x125.png 300w\" sizes=\"auto, (max-width: 340px) 100vw, 340px\" \/><\/a><a class=\"arpw-title\" href=\"https:\/\/oegsv.com\/wp\/simicon-gmbh\/\" rel=\"bookmark\">SIMICON GMBH<\/a><div class=\"arpw-content\">Sigmund-Riefler-Bogen 19<br>\r\n81829 M\u00fcnchen<br>\r\nTel.: +49 \/ (0)89\/ 6733660<br>\r\n&#x69;&#110;f&#x6f;&#x40;&#115;i&#x6d;&#x69;&#99;o&#x6e;&#x2e;&#100;e<br>\r\n<a href=\"https:\/\/www.simicon.de\/startseite.html\" target=\"_blank\" rel=\"noopener noreferrer\">www.simicon.de<\/a><\/div><\/li><li class=\"arpw-li arpw-clearfix\"><a href=\"https:\/\/oegsv.com\/wp\/paul-hartmann-g-m-b-h\/\"  rel=\"bookmark\"><img loading=\"lazy\" decoding=\"async\" width=\"480\" height=\"347\" src=\"https:\/\/oegsv.com\/wp\/wp-content\/uploads\/2019\/08\/Hartmann-Logo-mittel.jpg\" class=\"arpw-thumbnail alignleft wp-post-image\" alt=\"PAUL HARTMANN G.m.b.H\" srcset=\"https:\/\/oegsv.com\/wp\/wp-content\/uploads\/2019\/08\/Hartmann-Logo-mittel.jpg 480w, https:\/\/oegsv.com\/wp\/wp-content\/uploads\/2019\/08\/Hartmann-Logo-mittel-300x217.jpg 300w\" sizes=\"auto, (max-width: 480px) 100vw, 480px\" \/><\/a><a class=\"arpw-title\" href=\"https:\/\/oegsv.com\/wp\/paul-hartmann-g-m-b-h\/\" rel=\"bookmark\">PAUL HARTMANN G.m.b.H<\/a><div class=\"arpw-content\">IZ N\u00d6 S\u00fcd, Stra\u00dfe 3, Objekt 64, Postfach 110<br>\r\n2355 Wiener Neudorf<br>\r\nTel. +43 2236 64630-0 <br>\r\n&#111;&#x66;f&#x69;&#x63;&#101;&#x40;a&#x74;&#x2e;&#104;&#x61;r&#x74;&#x6d;&#97;&#x6e;n&#x2e;&#x69;&#110;&#x66;o<br>\r\n<a href=\"https:\/\/hartmann.info\/de-at\" target=\"_blank\" rel=\"noopener noreferrer\">https:\/\/hartmann.info<\/a><\/div><\/li><li class=\"arpw-li arpw-clearfix\"><a href=\"https:\/\/oegsv.com\/wp\/servosan-vertrieb-und-service-gmbh\/\"  rel=\"bookmark\"><img loading=\"lazy\" decoding=\"async\" width=\"199\" height=\"42\" src=\"https:\/\/oegsv.com\/wp\/wp-content\/uploads\/2019\/08\/servosan_logo.gif\" class=\"arpw-thumbnail alignleft wp-post-image\" alt=\"Servosan Vertrieb und Service GmbH\" \/><\/a><a class=\"arpw-title\" href=\"https:\/\/oegsv.com\/wp\/servosan-vertrieb-und-service-gmbh\/\" rel=\"bookmark\">Servosan Vertrieb und Service GmbH<\/a><div class=\"arpw-content\">Gewerbegebiet Auhof<br>\r\nWolfgang-Pauli-Gasse 5<br>\r\n1140 Wien<br>\r\n&#x6f;&#x66;&#102;ic&#x65;&#x40;&#115;&#101;r&#x76;&#x6f;&#115;&#97;n&#x2e;&#x61;&#x74;<br>\r\n<a target=\"_blank\" href=\"http:\/\/www.servosan.at\/\" rel=\"noopener noreferrer\">www.servosan.at<\/a>\r\n<\/div><\/li><li class=\"arpw-li arpw-clearfix\"><a href=\"https:\/\/oegsv.com\/wp\/medi-pro\/\"  rel=\"bookmark\"><img loading=\"lazy\" decoding=\"async\" width=\"160\" height=\"47\" src=\"https:\/\/oegsv.com\/wp\/wp-content\/uploads\/2019\/08\/medipro.gif\" class=\"arpw-thumbnail alignleft wp-post-image\" alt=\"medi-pro\" \/><\/a><a class=\"arpw-title\" href=\"https:\/\/oegsv.com\/wp\/medi-pro\/\" rel=\"bookmark\">medi-pro<\/a><div class=\"arpw-content\">Minder Diagnostik GmbH<br>\r\nSchulstra\u00dfe 1<br>\r\nA-4501 Neuhofen\/Krems<br>\r\nTel.:+43 7235 50250<br>\r\n&#x69;&#x6e;&#102;&#111;&#64;&#x6d;&#x65;&#x64;&#105;&#45;p&#x72;&#x6f;&#x2e;&#97;&#116;<br>\r\n<a href=\"http:\/\/www.medi-pro.at\/\" target=\"_blank\" rel=\"noopener noreferrer\">www.medi-pro.at<\/a>\r\n<\/div><\/li><li class=\"arpw-li arpw-clearfix\"><a href=\"https:\/\/oegsv.com\/wp\/limbeck\/\"  rel=\"bookmark\"><img loading=\"lazy\" decoding=\"async\" width=\"677\" height=\"423\" src=\"https:\/\/oegsv.com\/wp\/wp-content\/uploads\/2019\/08\/limbeck_neu.gif\" class=\"arpw-thumbnail alignleft wp-post-image\" alt=\"Limbeck\" \/><\/a><a class=\"arpw-title\" href=\"https:\/\/oegsv.com\/wp\/limbeck\/\" rel=\"bookmark\">Limbeck<\/a><div class=\"arpw-content\">Medizinische Spezialartikel<br>\r\nGanghoferstra\u00dfe 22<br>\r\nA-1110 Wien<br>\r\n&#x69;&#x6e;&#102;&#111;&#64;l&#x69;&#x6d;&#x62;&#101;ck&#x2e;&#x63;&#x6f;&#109;<br>\r\n<a href=\"http:\/\/limbeck.com\/\" target=\"_blank\" rel=\"noopener noreferrer\">limbeck.com<\/a><\/div><\/li><li class=\"arpw-li arpw-clearfix\"><a href=\"https:\/\/oegsv.com\/wp\/mositech-medizintechnik-gmbh\/\"  rel=\"bookmark\"><img loading=\"lazy\" decoding=\"async\" width=\"425\" height=\"85\" src=\"https:\/\/oegsv.com\/wp\/wp-content\/uploads\/Mositech.jpg\" class=\"arpw-thumbnail alignleft wp-post-image\" alt=\"Mositech Medizintechnik GmbH\" srcset=\"https:\/\/oegsv.com\/wp\/wp-content\/uploads\/Mositech.jpg 425w, https:\/\/oegsv.com\/wp\/wp-content\/uploads\/Mositech-300x60.jpg 300w\" sizes=\"auto, (max-width: 425px) 100vw, 425px\" \/><\/a><a class=\"arpw-title\" href=\"https:\/\/oegsv.com\/wp\/mositech-medizintechnik-gmbh\/\" rel=\"bookmark\">Mositech Medizintechnik GmbH<\/a><div class=\"arpw-content\">Schwefel 93<br>\r\nA-6850 Dornbirn<br>\r\nTelefon: +43-5572-34534<br>\r\n<a href=\"&#x6d;&#x61;&#105;l&#x74;&#x6f;&#x3a;&#98;i&#x72;&#x67;&#x69;&#116;&#46;&#x70;&#x69;&#x72;&#99;h&#x65;&#x72;&#x40;&#109;o&#x73;&#x69;&#x74;&#101;c&#x68;&#x2e;&#x61;&#116;\">birgit&#46;pirch&#101;&#114;&#64;&#109;&#111;&#115;&#105;&#116;&#101;&#99;&#104;&#46;&#97;&#116;<\/a><br>\r\n<a href=\"https:\/\/www.mositech.at\/\" target=\"_blank\" rel=\"noopener noreferrer\">www.mositech.at<\/a><\/div><\/li><li class=\"arpw-li arpw-clearfix\"><a href=\"https:\/\/oegsv.com\/wp\/novomed-handelsgesellschaft-m-b-h\/\"  rel=\"bookmark\"><img loading=\"lazy\" decoding=\"async\" width=\"280\" height=\"104\" src=\"https:\/\/oegsv.com\/wp\/wp-content\/uploads\/2019\/08\/novomed.jpg\" class=\"arpw-thumbnail alignleft wp-post-image\" alt=\"Novomed Handelsgesellschaft m.b.H.\" \/><\/a><a class=\"arpw-title\" href=\"https:\/\/oegsv.com\/wp\/novomed-handelsgesellschaft-m-b-h\/\" rel=\"bookmark\">Novomed Handelsgesellschaft m.b.H.<\/a><div class=\"arpw-content\">Baumgasse 62<br>\r\n1030 Wien<br>\r\n&#108;&#x65;i&#x74;u&#110;&#x67;&#64;&#x6e;o&#118;&#x6f;&#109;&#x65;d&#x2e;&#x61;&#116;<br>\r\n<a href=\"http:\/\/www.novomed.at\" target=\"_blank\" rel=\"noopener noreferrer\">www.novomed.at<\/a><\/div><\/li><li class=\"arpw-li arpw-clearfix\"><a href=\"https:\/\/oegsv.com\/wp\/savuna-gmbh\/\"  rel=\"bookmark\"><img loading=\"lazy\" decoding=\"async\" width=\"280\" height=\"141\" src=\"https:\/\/oegsv.com\/wp\/wp-content\/uploads\/2019\/08\/savuna.jpg\" class=\"arpw-thumbnail alignleft wp-post-image\" alt=\"SAVUNA GmbH\" \/><\/a><a class=\"arpw-title\" href=\"https:\/\/oegsv.com\/wp\/savuna-gmbh\/\" rel=\"bookmark\">SAVUNA GmbH<\/a><div class=\"arpw-content\">Stadtj\u00e4gerstra\u00dfe 2<br>\r\nD-86152 Augsburg<br>\r\nTel: +49  821 808640<br>\r\n&#x69;&#x2e;&#x6d;&#x6f;&#x63;&#x6b;&#x40;&#x73;&#x61;&#x76;&#x75;&#x6e;&#x61;&#x2e;&#x64;&#x65;<br>\r\n<a href=\"http:\/\/www.savuna.de\/\" target=\"_blank\" rel=\"noopener noreferrer\">www.savuna.de<\/a><\/div><\/li><li class=\"arpw-li arpw-clearfix\"><a href=\"https:\/\/oegsv.com\/wp\/miele-gmbh\/\"  rel=\"bookmark\"><img loading=\"lazy\" decoding=\"async\" width=\"696\" height=\"266\" src=\"https:\/\/oegsv.com\/wp\/wp-content\/uploads\/Miele_Logo_S_Red_sRGB-768x294.png\" class=\"arpw-thumbnail alignleft wp-post-image\" alt=\"Miele GmbH\" srcset=\"https:\/\/oegsv.com\/wp\/wp-content\/uploads\/Miele_Logo_S_Red_sRGB-768x294.png 768w, https:\/\/oegsv.com\/wp\/wp-content\/uploads\/Miele_Logo_S_Red_sRGB-300x115.png 300w, https:\/\/oegsv.com\/wp\/wp-content\/uploads\/Miele_Logo_S_Red_sRGB-1024x392.png 1024w, https:\/\/oegsv.com\/wp\/wp-content\/uploads\/Miele_Logo_S_Red_sRGB-1536x588.png 1536w, https:\/\/oegsv.com\/wp\/wp-content\/uploads\/Miele_Logo_S_Red_sRGB.png 2000w\" sizes=\"auto, (max-width: 696px) 100vw, 696px\" \/><\/a><a class=\"arpw-title\" href=\"https:\/\/oegsv.com\/wp\/miele-gmbh\/\" rel=\"bookmark\">Miele GmbH<\/a><div class=\"arpw-content\">Mielestra\u00dfe 1<br>\r\n5071 Wals bei Salzburg<br>\r\nTel.: +43-50 800-0<br>\r\n<a href=\"http:\/\/www.miele-professional.at\/\" target=\"_blank\" rel=\"noopener noreferrer\">www.miele-professional.at<\/a>\r\n<\/div><\/li><\/ul><\/div><!-- Generated by https:\/\/wordpress.org\/plugins\/advanced-random-posts-widget\/ --><\/div><!-- \/Widget Shortcode -->\n","protected":false},"excerpt":{"rendered":"","protected":false},"author":1,"featured_media":0,"parent":17,"menu_order":0,"comment_status":"closed","ping_status":"closed","template":"","meta":{"ngg_post_thumbnail":0,"footnotes":"","_links_to":"","_links_to_target":""},"class_list":["post-27","page","type-page","status-publish","hentry"],"_links":{"self":[{"href":"https:\/\/oegsv.com\/wp\/wp-json\/wp\/v2\/pages\/27","targetHints":{"allow":["GET"]}}],"collection":[{"href":"https:\/\/oegsv.com\/wp\/wp-json\/wp\/v2\/pages"}],"about":[{"href":"https:\/\/oegsv.com\/wp\/wp-json\/wp\/v2\/types\/page"}],"author":[{"embeddable":true,"href":"https:\/\/oegsv.com\/wp\/wp-json\/wp\/v2\/users\/1"}],"replies":[{"embeddable":true,"href":"https:\/\/oegsv.com\/wp\/wp-json\/wp\/v2\/comments?post=27"}],"version-history":[{"count":7,"href":"https:\/\/oegsv.com\/wp\/wp-json\/wp\/v2\/pages\/27\/revisions"}],"predecessor-version":[{"id":172,"href":"https:\/\/oegsv.com\/wp\/wp-json\/wp\/v2\/pages\/27\/revisions\/172"}],"up":[{"embeddable":true,"href":"https:\/\/oegsv.com\/wp\/wp-json\/wp\/v2\/pages\/17"}],"wp:attachment":[{"href":"https:\/\/oegsv.com\/wp\/wp-json\/wp\/v2\/media?parent=27"}],"curies":[{"name":"wp","href":"https:\/\/api.w.org\/{rel}","templated":true}]}}